{"id":11648,"date":"2020-03-17T09:45:54","date_gmt":"2020-03-17T08:45:54","guid":{"rendered":"https:\/\/my-life.lu\/?page_id=11648\/"},"modified":"2020-03-17T09:45:54","modified_gmt":"2020-03-17T08:45:54","slug":"mylife-als-best-marketing-campaign-in-finance-2020-ausgezeichnet","status":"publish","type":"page","link":"https:\/\/my-life.lu\/de\/mylife-als-best-marketing-campaign-in-finance-2020-ausgezeichnet\/","title":{"rendered":"myLIFE als \u201eBest Marketing Campaign in Finance 2020\u201c ausgezeichnet"},"content":{"rendered":"<p>Die im Rahmen des <em>European Finance Summit <\/em>am Donnerstag, dem 5.\u00a0M\u00e4rz 2020 organisierte Verleihung der <em>Luxembourg Finance Awards <\/em>dient dem Ziel, die besten auf dem Markt verf\u00fcgbaren Praktiken und L\u00f6sungen zu f\u00f6rdern und auszuzeichnen. Wir freuen uns mitzuteilen, dass myLIFE als \u201e<em>Best Marketing Campaign in Finance 2020\u201c <\/em>ausgezeichnet wurde! Eine zus\u00e4tzliche Anerkennung, die die beteiligten Teams noch st\u00e4rker motiviert und uns die Gelegenheit bietet, s\u00e4mtlichen Mitarbeitern der Bank, die aktiv an der Entwicklung und F\u00f6rderung dieses Marketing-Tools der BIL mitwirken, herzlich zu danken.<\/p>\n<p><img loading=\"lazy\" decoding=\"async\" class=\"aligncenter wp-image-11639 size-large\" src=\"https:\/\/my-life.lu\/wp-content\/uploads\/2020\/03\/Photo_Award-1024x682.jpg\" alt=\"\" width=\"525\" height=\"350\" srcset=\"https:\/\/my-life.lu\/wp-content\/uploads\/2020\/03\/Photo_Award-1024x682.jpg 1024w, https:\/\/my-life.lu\/wp-content\/uploads\/2020\/03\/Photo_Award-300x200.jpg 300w, https:\/\/my-life.lu\/wp-content\/uploads\/2020\/03\/Photo_Award-768x511.jpg 768w, https:\/\/my-life.lu\/wp-content\/uploads\/2020\/03\/Photo_Award-1080x719.jpg 1080w, https:\/\/my-life.lu\/wp-content\/uploads\/2020\/03\/Photo_Award-395x262.jpg 395w\" sizes=\"(max-width: 525px) 100vw, 525px\" \/><\/p>\n","protected":false},"excerpt":{"rendered":"<p>Die im Rahmen des European Finance Summit am Donnerstag, dem 5.\u00a0M\u00e4rz 2020 organisierte Verleihung der Luxembourg Finance Awards dient dem Ziel, die besten auf dem Markt verf\u00fcgbaren Praktiken und L\u00f6sungen zu f\u00f6rdern und auszuzeichnen. Wir freuen uns mitzuteilen, dass myLIFE als \u201eBest Marketing Campaign in Finance 2020\u201c ausgezeichnet wurde! Eine zus\u00e4tzliche Anerkennung, die die beteiligten &hellip; <\/p>\n<p class=\"link-more\"><a href=\"https:\/\/my-life.lu\/de\/mylife-als-best-marketing-campaign-in-finance-2020-ausgezeichnet\/\" class=\"more-link\">Continue reading<span class=\"screen-reader-text\"> &#8220;myLIFE als \u201eBest Marketing Campaign in Finance 2020\u201c ausgezeichnet&#8221;<\/span><\/a><\/p>\n","protected":false},"author":4,"featured_media":11652,"parent":0,"menu_order":0,"comment_status":"closed","ping_status":"closed","template":"","meta":{"_et_pb_use_builder":"","_et_pb_old_content":"","_et_gb_content_width":"","footnotes":"","beyondwords_generate_audio":"","beyondwords_integration_method":"","beyondwords_project_id":"","beyondwords_content_id":"","beyondwords_preview_token":"","beyondwords_player_content":"","beyondwords_player_style":"","beyondwords_language_code":"","beyondwords_language_id":"","beyondwords_title_voice_id":"","beyondwords_body_voice_id":"","beyondwords_summary_voice_id":"","beyondwords_error_message":"","beyondwords_disabled":"","beyondwords_delete_content":"","beyondwords_podcast_id":"","beyondwords_hash":"","publish_post_to_speechkit":"","speechkit_hash":"","speechkit_generate_audio":"","speechkit_project_id":"","speechkit_podcast_id":"","speechkit_error_message":"","speechkit_disabled":"","speechkit_access_key":"","speechkit_error":"","speechkit_info":"","speechkit_response":"","speechkit_retries":"","speechkit_status":"","speechkit_updated_at":"","_speechkit_link":"","_speechkit_text":""},"class_list":["post-11648","page","type-page","status-publish","has-post-thumbnail","hentry",""],"yoast_head":"<!-- This site is optimized with the Yoast SEO Premium plugin v27.3 (Yoast SEO v27.3) - https:\/\/yoast.com\/product\/yoast-seo-premium-wordpress\/ -->\n<title>myLIFE als \u201eBest Marketing Campaign in Finance 2020\u201c ausgezeichnet - myLIFE<\/title>\n<meta name=\"robots\" content=\"index, follow, max-snippet:-1, max-image-preview:large, max-video-preview:-1\" \/>\n<link rel=\"canonical\" href=\"https:\/\/my-life.lu\/de\/mylife-als-best-marketing-campaign-in-finance-2020-ausgezeichnet\/\" \/>\n<meta property=\"og:locale\" content=\"de_DE\" \/>\n<meta property=\"og:type\" content=\"article\" \/>\n<meta property=\"og:title\" content=\"myLIFE als \u201eBest Marketing Campaign in Finance 2020\u201c ausgezeichnet\" \/>\n<meta property=\"og:description\" content=\"Die im Rahmen des European Finance Summit am Donnerstag, dem 5.\u00a0M\u00e4rz 2020 organisierte Verleihung der Luxembourg Finance Awards dient dem Ziel, die besten auf dem Markt verf\u00fcgbaren Praktiken und L\u00f6sungen zu f\u00f6rdern und auszuzeichnen. Wir freuen uns mitzuteilen, dass myLIFE als \u201eBest Marketing Campaign in Finance 2020\u201c ausgezeichnet wurde! Eine zus\u00e4tzliche Anerkennung, die die beteiligten &hellip; Continue reading &quot;myLIFE als \u201eBest Marketing Campaign in Finance 2020\u201c ausgezeichnet&quot;\" \/>\n<meta property=\"og:url\" content=\"https:\/\/my-life.lu\/de\/mylife-als-best-marketing-campaign-in-finance-2020-ausgezeichnet\/\" \/>\n<meta property=\"og:site_name\" content=\"myLIFE\" \/>\n<meta property=\"og:image\" content=\"https:\/\/my-life.lu\/wp-content\/uploads\/2020\/03\/Photo_Award_alaune.jpg\" \/>\n\t<meta property=\"og:image:width\" content=\"4729\" \/>\n\t<meta property=\"og:image:height\" content=\"1891\" \/>\n\t<meta property=\"og:image:type\" content=\"image\/jpeg\" \/>\n<meta name=\"twitter:card\" content=\"summary_large_image\" \/>\n<script type=\"application\/ld+json\" class=\"yoast-schema-graph\">{\"@context\":\"https:\\\/\\\/schema.org\",\"@graph\":[{\"@type\":\"WebPage\",\"@id\":\"https:\\\/\\\/my-life.lu\\\/de\\\/mylife-als-best-marketing-campaign-in-finance-2020-ausgezeichnet\\\/\",\"url\":\"https:\\\/\\\/my-life.lu\\\/de\\\/mylife-als-best-marketing-campaign-in-finance-2020-ausgezeichnet\\\/\",\"name\":\"myLIFE als \u201eBest Marketing Campaign in Finance 2020\u201c ausgezeichnet - myLIFE\",\"isPartOf\":{\"@id\":\"https:\\\/\\\/my-life.lu\\\/de\\\/#website\"},\"primaryImageOfPage\":{\"@id\":\"https:\\\/\\\/my-life.lu\\\/de\\\/mylife-als-best-marketing-campaign-in-finance-2020-ausgezeichnet\\\/#primaryimage\"},\"image\":{\"@id\":\"https:\\\/\\\/my-life.lu\\\/de\\\/mylife-als-best-marketing-campaign-in-finance-2020-ausgezeichnet\\\/#primaryimage\"},\"thumbnailUrl\":\"https:\\\/\\\/my-life.lu\\\/wp-content\\\/uploads\\\/2020\\\/03\\\/Photo_Award_alaune.jpg\",\"datePublished\":\"2020-03-17T08:45:54+00:00\",\"breadcrumb\":{\"@id\":\"https:\\\/\\\/my-life.lu\\\/de\\\/mylife-als-best-marketing-campaign-in-finance-2020-ausgezeichnet\\\/#breadcrumb\"},\"inLanguage\":\"de\",\"potentialAction\":[{\"@type\":\"ReadAction\",\"target\":[\"https:\\\/\\\/my-life.lu\\\/de\\\/mylife-als-best-marketing-campaign-in-finance-2020-ausgezeichnet\\\/\"]}]},{\"@type\":\"ImageObject\",\"inLanguage\":\"de\",\"@id\":\"https:\\\/\\\/my-life.lu\\\/de\\\/mylife-als-best-marketing-campaign-in-finance-2020-ausgezeichnet\\\/#primaryimage\",\"url\":\"https:\\\/\\\/my-life.lu\\\/wp-content\\\/uploads\\\/2020\\\/03\\\/Photo_Award_alaune.jpg\",\"contentUrl\":\"https:\\\/\\\/my-life.lu\\\/wp-content\\\/uploads\\\/2020\\\/03\\\/Photo_Award_alaune.jpg\",\"width\":4729,\"height\":1891},{\"@type\":\"BreadcrumbList\",\"@id\":\"https:\\\/\\\/my-life.lu\\\/de\\\/mylife-als-best-marketing-campaign-in-finance-2020-ausgezeichnet\\\/#breadcrumb\",\"itemListElement\":[{\"@type\":\"ListItem\",\"position\":1,\"name\":\"Home\",\"item\":\"https:\\\/\\\/my-life.lu\\\/de\\\/\"},{\"@type\":\"ListItem\",\"position\":2,\"name\":\"myLIFE als \u201eBest Marketing Campaign in Finance 2020\u201c ausgezeichnet\"}]},{\"@type\":\"WebSite\",\"@id\":\"https:\\\/\\\/my-life.lu\\\/de\\\/#website\",\"url\":\"https:\\\/\\\/my-life.lu\\\/de\\\/\",\"name\":\"myLIFE\",\"description\":\"\",\"publisher\":{\"@id\":\"https:\\\/\\\/my-life.lu\\\/de\\\/#organization\"},\"potentialAction\":[{\"@type\":\"SearchAction\",\"target\":{\"@type\":\"EntryPoint\",\"urlTemplate\":\"https:\\\/\\\/my-life.lu\\\/de\\\/?s={search_term_string}\"},\"query-input\":{\"@type\":\"PropertyValueSpecification\",\"valueRequired\":true,\"valueName\":\"search_term_string\"}}],\"inLanguage\":\"de\"},{\"@type\":\"Organization\",\"@id\":\"https:\\\/\\\/my-life.lu\\\/de\\\/#organization\",\"name\":\"myLIFE\",\"url\":\"https:\\\/\\\/my-life.lu\\\/de\\\/\",\"logo\":{\"@type\":\"ImageObject\",\"inLanguage\":\"de\",\"@id\":\"https:\\\/\\\/my-life.lu\\\/de\\\/#\\\/schema\\\/logo\\\/image\\\/\",\"url\":\"https:\\\/\\\/my-life.lu\\\/wp-content\\\/uploads\\\/2018\\\/07\\\/myLIFE_LOGO_violet-AMP2.png\",\"contentUrl\":\"https:\\\/\\\/my-life.lu\\\/wp-content\\\/uploads\\\/2018\\\/07\\\/myLIFE_LOGO_violet-AMP2.png\",\"width\":190,\"height\":36,\"caption\":\"myLIFE\"},\"image\":{\"@id\":\"https:\\\/\\\/my-life.lu\\\/de\\\/#\\\/schema\\\/logo\\\/image\\\/\"}}]}<\/script>\n<!-- \/ Yoast SEO Premium plugin. -->","yoast_head_json":{"title":"myLIFE als \u201eBest Marketing Campaign in Finance 2020\u201c ausgezeichnet - myLIFE","robots":{"index":"index","follow":"follow","max-snippet":"max-snippet:-1","max-image-preview":"max-image-preview:large","max-video-preview":"max-video-preview:-1"},"canonical":"https:\/\/my-life.lu\/de\/mylife-als-best-marketing-campaign-in-finance-2020-ausgezeichnet\/","og_locale":"de_DE","og_type":"article","og_title":"myLIFE als \u201eBest Marketing Campaign in Finance 2020\u201c ausgezeichnet","og_description":"Die im Rahmen des European Finance Summit am Donnerstag, dem 5.\u00a0M\u00e4rz 2020 organisierte Verleihung der Luxembourg Finance Awards dient dem Ziel, die besten auf dem Markt verf\u00fcgbaren Praktiken und L\u00f6sungen zu f\u00f6rdern und auszuzeichnen. Wir freuen uns mitzuteilen, dass myLIFE als \u201eBest Marketing Campaign in Finance 2020\u201c ausgezeichnet wurde! Eine zus\u00e4tzliche Anerkennung, die die beteiligten &hellip; Continue reading \"myLIFE als \u201eBest Marketing Campaign in Finance 2020\u201c ausgezeichnet\"","og_url":"https:\/\/my-life.lu\/de\/mylife-als-best-marketing-campaign-in-finance-2020-ausgezeichnet\/","og_site_name":"myLIFE","og_image":[{"width":4729,"height":1891,"url":"https:\/\/my-life.lu\/wp-content\/uploads\/2020\/03\/Photo_Award_alaune.jpg","type":"image\/jpeg"}],"twitter_card":"summary_large_image","schema":{"@context":"https:\/\/schema.org","@graph":[{"@type":"WebPage","@id":"https:\/\/my-life.lu\/de\/mylife-als-best-marketing-campaign-in-finance-2020-ausgezeichnet\/","url":"https:\/\/my-life.lu\/de\/mylife-als-best-marketing-campaign-in-finance-2020-ausgezeichnet\/","name":"myLIFE als \u201eBest Marketing Campaign in Finance 2020\u201c ausgezeichnet - myLIFE","isPartOf":{"@id":"https:\/\/my-life.lu\/de\/#website"},"primaryImageOfPage":{"@id":"https:\/\/my-life.lu\/de\/mylife-als-best-marketing-campaign-in-finance-2020-ausgezeichnet\/#primaryimage"},"image":{"@id":"https:\/\/my-life.lu\/de\/mylife-als-best-marketing-campaign-in-finance-2020-ausgezeichnet\/#primaryimage"},"thumbnailUrl":"https:\/\/my-life.lu\/wp-content\/uploads\/2020\/03\/Photo_Award_alaune.jpg","datePublished":"2020-03-17T08:45:54+00:00","breadcrumb":{"@id":"https:\/\/my-life.lu\/de\/mylife-als-best-marketing-campaign-in-finance-2020-ausgezeichnet\/#breadcrumb"},"inLanguage":"de","potentialAction":[{"@type":"ReadAction","target":["https:\/\/my-life.lu\/de\/mylife-als-best-marketing-campaign-in-finance-2020-ausgezeichnet\/"]}]},{"@type":"ImageObject","inLanguage":"de","@id":"https:\/\/my-life.lu\/de\/mylife-als-best-marketing-campaign-in-finance-2020-ausgezeichnet\/#primaryimage","url":"https:\/\/my-life.lu\/wp-content\/uploads\/2020\/03\/Photo_Award_alaune.jpg","contentUrl":"https:\/\/my-life.lu\/wp-content\/uploads\/2020\/03\/Photo_Award_alaune.jpg","width":4729,"height":1891},{"@type":"BreadcrumbList","@id":"https:\/\/my-life.lu\/de\/mylife-als-best-marketing-campaign-in-finance-2020-ausgezeichnet\/#breadcrumb","itemListElement":[{"@type":"ListItem","position":1,"name":"Home","item":"https:\/\/my-life.lu\/de\/"},{"@type":"ListItem","position":2,"name":"myLIFE als \u201eBest Marketing Campaign in Finance 2020\u201c ausgezeichnet"}]},{"@type":"WebSite","@id":"https:\/\/my-life.lu\/de\/#website","url":"https:\/\/my-life.lu\/de\/","name":"myLIFE","description":"","publisher":{"@id":"https:\/\/my-life.lu\/de\/#organization"},"potentialAction":[{"@type":"SearchAction","target":{"@type":"EntryPoint","urlTemplate":"https:\/\/my-life.lu\/de\/?s={search_term_string}"},"query-input":{"@type":"PropertyValueSpecification","valueRequired":true,"valueName":"search_term_string"}}],"inLanguage":"de"},{"@type":"Organization","@id":"https:\/\/my-life.lu\/de\/#organization","name":"myLIFE","url":"https:\/\/my-life.lu\/de\/","logo":{"@type":"ImageObject","inLanguage":"de","@id":"https:\/\/my-life.lu\/de\/#\/schema\/logo\/image\/","url":"https:\/\/my-life.lu\/wp-content\/uploads\/2018\/07\/myLIFE_LOGO_violet-AMP2.png","contentUrl":"https:\/\/my-life.lu\/wp-content\/uploads\/2018\/07\/myLIFE_LOGO_violet-AMP2.png","width":190,"height":36,"caption":"myLIFE"},"image":{"@id":"https:\/\/my-life.lu\/de\/#\/schema\/logo\/image\/"}}]}},"_links":{"self":[{"href":"https:\/\/my-life.lu\/de\/wp-json\/wp\/v2\/pages\/11648","targetHints":{"allow":["GET"]}}],"collection":[{"href":"https:\/\/my-life.lu\/de\/wp-json\/wp\/v2\/pages"}],"about":[{"href":"https:\/\/my-life.lu\/de\/wp-json\/wp\/v2\/types\/page"}],"author":[{"embeddable":true,"href":"https:\/\/my-life.lu\/de\/wp-json\/wp\/v2\/users\/4"}],"replies":[{"embeddable":true,"href":"https:\/\/my-life.lu\/de\/wp-json\/wp\/v2\/comments?post=11648"}],"version-history":[{"count":1,"href":"https:\/\/my-life.lu\/de\/wp-json\/wp\/v2\/pages\/11648\/revisions"}],"predecessor-version":[{"id":11649,"href":"https:\/\/my-life.lu\/de\/wp-json\/wp\/v2\/pages\/11648\/revisions\/11649"}],"wp:featuredmedia":[{"embeddable":true,"href":"https:\/\/my-life.lu\/de\/wp-json\/wp\/v2\/media\/11652"}],"wp:attachment":[{"href":"https:\/\/my-life.lu\/de\/wp-json\/wp\/v2\/media?parent=11648"}],"curies":[{"name":"wp","href":"https:\/\/api.w.org\/{rel}","templated":true}]}}