{"id":195,"date":"2017-05-23T13:24:47","date_gmt":"2017-05-23T11:24:47","guid":{"rendered":"https:\/\/my-life.lu\/?page_id=195\/"},"modified":"2020-09-23T13:50:17","modified_gmt":"2020-09-23T11:50:17","slug":"haftungsausschluss","status":"publish","type":"page","link":"https:\/\/my-life.lu\/de\/haftungsausschluss\/","title":{"rendered":"Haftungsausschluss"},"content":{"rendered":"<p>Die \u00fcber die Website verbreiteten Informationen, unabh\u00e4ngig davon, ob diese allgemeiner Art (wie beispielsweise Marktinformationen) oder spezifischer Art (wie beispielsweise Anlageprodukte) sind, werden v\u00f6llig unverbindlich geliefert. Diese Informationen werden ohne jedwede Verpflichtung hinsichtlich ihrer Vollst\u00e4ndigkeit, Genauigkeit und Aktualit\u00e4t gegeben. Sie stellen keinesfalls ein Angebot oder eine Aufforderung zum Kauf oder Verkauf dar. Sie haben keinesfalls den Wert einer Rechts-, Buchhaltungs- oder Steuerberatung und sind nur in dem Augenblick g\u00fcltig, in dem sie erteilt werden. Sie sind nicht dazu geeignet, die Kenntnisse und Kompetenzen des Benutzers zu ersetzen und sind daher mit den Ratschl\u00e4gen eines qualifizierten Experten zu benutzen. Die Informationen k\u00f6nnen von externen Dienstleistern stammen. Au\u00dfer bei Betrug oder schwerem Vergehen ist die Bank gegen\u00fcber dem Benutzer nicht f\u00fcr diese Informationen und deren direkte und indirekte Folgen verantwortlich.<\/p>\n<p>Weitere Informationen finden Sie in unserer <a href=\"https:\/\/www.bil.com\/de\/bil-gruppe\/dokumentation\/Seiten\/disclaimer.aspx\" target=\"_blank\" rel=\"noopener noreferrer\">Rechtsbelehrung<\/a>.<\/p>\n","protected":false},"excerpt":{"rendered":"<p>Die \u00fcber die Website verbreiteten Informationen, unabh\u00e4ngig davon, ob diese allgemeiner Art (wie beispielsweise Marktinformationen) oder spezifischer Art (wie beispielsweise Anlageprodukte) sind, werden v\u00f6llig unverbindlich geliefert. Diese Informationen werden ohne jedwede Verpflichtung hinsichtlich ihrer Vollst\u00e4ndigkeit, Genauigkeit und Aktualit\u00e4t gegeben. Sie stellen keinesfalls ein Angebot oder eine Aufforderung zum Kauf oder Verkauf dar. Sie haben keinesfalls &hellip; <\/p>\n<p class=\"link-more\"><a href=\"https:\/\/my-life.lu\/de\/haftungsausschluss\/\" class=\"more-link\">Continue reading<span class=\"screen-reader-text\"> &#8220;Haftungsausschluss&#8221;<\/span><\/a><\/p>\n","protected":false},"author":1,"featured_media":0,"parent":0,"menu_order":0,"comment_status":"closed","ping_status":"closed","template":"","meta":{"_et_pb_use_builder":"","_et_pb_old_content":"","_et_gb_content_width":"","footnotes":"","beyondwords_generate_audio":"","beyondwords_integration_method":"","beyondwords_project_id":"","beyondwords_content_id":"","beyondwords_preview_token":"","beyondwords_player_content":"","beyondwords_player_style":"","beyondwords_language_code":"","beyondwords_language_id":"","beyondwords_title_voice_id":"","beyondwords_body_voice_id":"","beyondwords_summary_voice_id":"","beyondwords_error_message":"","beyondwords_disabled":"","beyondwords_delete_content":"","beyondwords_podcast_id":"","beyondwords_hash":"","publish_post_to_speechkit":"","speechkit_hash":"","speechkit_generate_audio":"","speechkit_project_id":"","speechkit_podcast_id":"","speechkit_error_message":"","speechkit_disabled":"","speechkit_access_key":"","speechkit_error":"","speechkit_info":"","speechkit_response":"","speechkit_retries":"","speechkit_status":"","speechkit_updated_at":"","_speechkit_link":"","_speechkit_text":""},"class_list":["post-195","page","type-page","status-publish","hentry",""],"yoast_head":"<!-- This site is optimized with the Yoast SEO Premium plugin v27.3 (Yoast SEO v27.3) - https:\/\/yoast.com\/product\/yoast-seo-premium-wordpress\/ -->\n<title>Haftungsausschluss - myLIFE<\/title>\n<meta name=\"robots\" content=\"index, follow, max-snippet:-1, max-image-preview:large, max-video-preview:-1\" \/>\n<link rel=\"canonical\" href=\"https:\/\/my-life.lu\/de\/haftungsausschluss\/\" \/>\n<meta property=\"og:locale\" content=\"de_DE\" \/>\n<meta property=\"og:type\" content=\"article\" \/>\n<meta property=\"og:title\" content=\"Haftungsausschluss\" \/>\n<meta property=\"og:description\" content=\"Die \u00fcber die Website verbreiteten Informationen, unabh\u00e4ngig davon, ob diese allgemeiner Art (wie beispielsweise Marktinformationen) oder spezifischer Art (wie beispielsweise Anlageprodukte) sind, werden v\u00f6llig unverbindlich geliefert. Diese Informationen werden ohne jedwede Verpflichtung hinsichtlich ihrer Vollst\u00e4ndigkeit, Genauigkeit und Aktualit\u00e4t gegeben. Sie stellen keinesfalls ein Angebot oder eine Aufforderung zum Kauf oder Verkauf dar. Sie haben keinesfalls &hellip; Continue reading &quot;Haftungsausschluss&quot;\" \/>\n<meta property=\"og:url\" content=\"https:\/\/my-life.lu\/de\/haftungsausschluss\/\" \/>\n<meta property=\"og:site_name\" content=\"myLIFE\" \/>\n<meta property=\"article:modified_time\" content=\"2020-09-23T11:50:17+00:00\" \/>\n<meta property=\"og:image\" content=\"https:\/\/my-life.lu\/wp-content\/uploads\/2018\/07\/bil-mylife.jpg\" \/>\n\t<meta property=\"og:image:width\" content=\"810\" \/>\n\t<meta property=\"og:image:height\" content=\"541\" \/>\n\t<meta property=\"og:image:type\" content=\"image\/jpeg\" \/>\n<meta name=\"twitter:card\" content=\"summary_large_image\" \/>\n<meta name=\"twitter:label1\" content=\"Gesch\u00e4tzte Lesezeit\" \/>\n\t<meta name=\"twitter:data1\" content=\"1\u00a0Minute\" \/>\n<script type=\"application\/ld+json\" class=\"yoast-schema-graph\">{\"@context\":\"https:\\\/\\\/schema.org\",\"@graph\":[{\"@type\":\"WebPage\",\"@id\":\"https:\\\/\\\/my-life.lu\\\/de\\\/haftungsausschluss\\\/\",\"url\":\"https:\\\/\\\/my-life.lu\\\/de\\\/haftungsausschluss\\\/\",\"name\":\"Haftungsausschluss - myLIFE\",\"isPartOf\":{\"@id\":\"https:\\\/\\\/my-life.lu\\\/de\\\/#website\"},\"datePublished\":\"2017-05-23T11:24:47+00:00\",\"dateModified\":\"2020-09-23T11:50:17+00:00\",\"breadcrumb\":{\"@id\":\"https:\\\/\\\/my-life.lu\\\/de\\\/haftungsausschluss\\\/#breadcrumb\"},\"inLanguage\":\"de\",\"potentialAction\":[{\"@type\":\"ReadAction\",\"target\":[\"https:\\\/\\\/my-life.lu\\\/de\\\/haftungsausschluss\\\/\"]}]},{\"@type\":\"BreadcrumbList\",\"@id\":\"https:\\\/\\\/my-life.lu\\\/de\\\/haftungsausschluss\\\/#breadcrumb\",\"itemListElement\":[{\"@type\":\"ListItem\",\"position\":1,\"name\":\"Home\",\"item\":\"https:\\\/\\\/my-life.lu\\\/de\\\/\"},{\"@type\":\"ListItem\",\"position\":2,\"name\":\"Haftungsausschluss\"}]},{\"@type\":\"WebSite\",\"@id\":\"https:\\\/\\\/my-life.lu\\\/de\\\/#website\",\"url\":\"https:\\\/\\\/my-life.lu\\\/de\\\/\",\"name\":\"myLIFE\",\"description\":\"\",\"publisher\":{\"@id\":\"https:\\\/\\\/my-life.lu\\\/de\\\/#organization\"},\"potentialAction\":[{\"@type\":\"SearchAction\",\"target\":{\"@type\":\"EntryPoint\",\"urlTemplate\":\"https:\\\/\\\/my-life.lu\\\/de\\\/?s={search_term_string}\"},\"query-input\":{\"@type\":\"PropertyValueSpecification\",\"valueRequired\":true,\"valueName\":\"search_term_string\"}}],\"inLanguage\":\"de\"},{\"@type\":\"Organization\",\"@id\":\"https:\\\/\\\/my-life.lu\\\/de\\\/#organization\",\"name\":\"myLIFE\",\"url\":\"https:\\\/\\\/my-life.lu\\\/de\\\/\",\"logo\":{\"@type\":\"ImageObject\",\"inLanguage\":\"de\",\"@id\":\"https:\\\/\\\/my-life.lu\\\/de\\\/#\\\/schema\\\/logo\\\/image\\\/\",\"url\":\"https:\\\/\\\/my-life.lu\\\/wp-content\\\/uploads\\\/2018\\\/07\\\/myLIFE_LOGO_violet-AMP2.png\",\"contentUrl\":\"https:\\\/\\\/my-life.lu\\\/wp-content\\\/uploads\\\/2018\\\/07\\\/myLIFE_LOGO_violet-AMP2.png\",\"width\":190,\"height\":36,\"caption\":\"myLIFE\"},\"image\":{\"@id\":\"https:\\\/\\\/my-life.lu\\\/de\\\/#\\\/schema\\\/logo\\\/image\\\/\"}}]}<\/script>\n<!-- \/ Yoast SEO Premium plugin. -->","yoast_head_json":{"title":"Haftungsausschluss - myLIFE","robots":{"index":"index","follow":"follow","max-snippet":"max-snippet:-1","max-image-preview":"max-image-preview:large","max-video-preview":"max-video-preview:-1"},"canonical":"https:\/\/my-life.lu\/de\/haftungsausschluss\/","og_locale":"de_DE","og_type":"article","og_title":"Haftungsausschluss","og_description":"Die \u00fcber die Website verbreiteten Informationen, unabh\u00e4ngig davon, ob diese allgemeiner Art (wie beispielsweise Marktinformationen) oder spezifischer Art (wie beispielsweise Anlageprodukte) sind, werden v\u00f6llig unverbindlich geliefert. Diese Informationen werden ohne jedwede Verpflichtung hinsichtlich ihrer Vollst\u00e4ndigkeit, Genauigkeit und Aktualit\u00e4t gegeben. Sie stellen keinesfalls ein Angebot oder eine Aufforderung zum Kauf oder Verkauf dar. Sie haben keinesfalls &hellip; Continue reading \"Haftungsausschluss\"","og_url":"https:\/\/my-life.lu\/de\/haftungsausschluss\/","og_site_name":"myLIFE","article_modified_time":"2020-09-23T11:50:17+00:00","og_image":[{"width":810,"height":541,"url":"https:\/\/my-life.lu\/wp-content\/uploads\/2018\/07\/bil-mylife.jpg","type":"image\/jpeg"}],"twitter_card":"summary_large_image","twitter_misc":{"Gesch\u00e4tzte Lesezeit":"1\u00a0Minute"},"schema":{"@context":"https:\/\/schema.org","@graph":[{"@type":"WebPage","@id":"https:\/\/my-life.lu\/de\/haftungsausschluss\/","url":"https:\/\/my-life.lu\/de\/haftungsausschluss\/","name":"Haftungsausschluss - myLIFE","isPartOf":{"@id":"https:\/\/my-life.lu\/de\/#website"},"datePublished":"2017-05-23T11:24:47+00:00","dateModified":"2020-09-23T11:50:17+00:00","breadcrumb":{"@id":"https:\/\/my-life.lu\/de\/haftungsausschluss\/#breadcrumb"},"inLanguage":"de","potentialAction":[{"@type":"ReadAction","target":["https:\/\/my-life.lu\/de\/haftungsausschluss\/"]}]},{"@type":"BreadcrumbList","@id":"https:\/\/my-life.lu\/de\/haftungsausschluss\/#breadcrumb","itemListElement":[{"@type":"ListItem","position":1,"name":"Home","item":"https:\/\/my-life.lu\/de\/"},{"@type":"ListItem","position":2,"name":"Haftungsausschluss"}]},{"@type":"WebSite","@id":"https:\/\/my-life.lu\/de\/#website","url":"https:\/\/my-life.lu\/de\/","name":"myLIFE","description":"","publisher":{"@id":"https:\/\/my-life.lu\/de\/#organization"},"potentialAction":[{"@type":"SearchAction","target":{"@type":"EntryPoint","urlTemplate":"https:\/\/my-life.lu\/de\/?s={search_term_string}"},"query-input":{"@type":"PropertyValueSpecification","valueRequired":true,"valueName":"search_term_string"}}],"inLanguage":"de"},{"@type":"Organization","@id":"https:\/\/my-life.lu\/de\/#organization","name":"myLIFE","url":"https:\/\/my-life.lu\/de\/","logo":{"@type":"ImageObject","inLanguage":"de","@id":"https:\/\/my-life.lu\/de\/#\/schema\/logo\/image\/","url":"https:\/\/my-life.lu\/wp-content\/uploads\/2018\/07\/myLIFE_LOGO_violet-AMP2.png","contentUrl":"https:\/\/my-life.lu\/wp-content\/uploads\/2018\/07\/myLIFE_LOGO_violet-AMP2.png","width":190,"height":36,"caption":"myLIFE"},"image":{"@id":"https:\/\/my-life.lu\/de\/#\/schema\/logo\/image\/"}}]}},"_links":{"self":[{"href":"https:\/\/my-life.lu\/de\/wp-json\/wp\/v2\/pages\/195","targetHints":{"allow":["GET"]}}],"collection":[{"href":"https:\/\/my-life.lu\/de\/wp-json\/wp\/v2\/pages"}],"about":[{"href":"https:\/\/my-life.lu\/de\/wp-json\/wp\/v2\/types\/page"}],"author":[{"embeddable":true,"href":"https:\/\/my-life.lu\/de\/wp-json\/wp\/v2\/users\/1"}],"replies":[{"embeddable":true,"href":"https:\/\/my-life.lu\/de\/wp-json\/wp\/v2\/comments?post=195"}],"version-history":[{"count":4,"href":"https:\/\/my-life.lu\/de\/wp-json\/wp\/v2\/pages\/195\/revisions"}],"predecessor-version":[{"id":13371,"href":"https:\/\/my-life.lu\/de\/wp-json\/wp\/v2\/pages\/195\/revisions\/13371"}],"wp:attachment":[{"href":"https:\/\/my-life.lu\/de\/wp-json\/wp\/v2\/media?parent=195"}],"curies":[{"name":"wp","href":"https:\/\/api.w.org\/{rel}","templated":true}]}}