{"id":3775,"date":"2017-12-11T10:19:03","date_gmt":"2017-12-11T09:19:03","guid":{"rendered":"https:\/\/my-life.lu\/?page_id=3775\/"},"modified":"2019-07-29T11:12:00","modified_gmt":"2019-07-29T09:12:00","slug":"mylife-award-mylife-ist-best-marcom-project-year-2017-00001","status":"publish","type":"page","link":"https:\/\/my-life.lu\/de\/mylife-award-mylife-ist-best-marcom-project-year-2017-00001\/","title":{"rendered":"myLIFE \u2013 Award: myLIFE ist \u201eBest Marcom Project of the Year 2017\u201d"},"content":{"rendered":"<p class=\"entete\">myLIFE zum \u201eBest Marcom Project of the Year 2017\u201d gew\u00e4hlt<\/p>\n<p>Die Multimedia-Plattform myLIFE wurde im August 2017 von der Banque Internationale \u00e0 Luxembourg (BIL) ins Leben gerufen mit dem Ziel, Sie bei Ihren Finanzen und Projekten zu unterst\u00fctzen. Am 28. November 2017 wurde myLIFE anl\u00e4sslich der Luxembourg Marketing &amp; Communication Awards 2017 als \u201eBest Marcom Project of the Year\u201c ausgezeichnet. F\u00fcr uns ist dies die Gelegenheit, Ihnen myLIFE und ihren Nutzen f\u00fcr Sie ausf\u00fchrlicher vorzustellen.<\/p>\n<h2 id=\"h2_0\" >Machen Sie sich mit myLIFE das Leben einfacher!<\/h2>\n<p>Ausgangspunkt f\u00fcr das Plattform-Projekt war das Bestreben der BIL, ihr Versprechen \u201eSie vor allem\u201c noch umfassender in die Tat umzusetzen. Vor diesem Hintergrund hat sich myLIFE zum Ziel gesetzt, der Referenzblog zu sein, der Ihnen Informationen \u00fcber die Verwaltung Ihrer Finanzen an die Hand gibt und Sie bei der Umsetzung Ihrer Projekte in Luxemburg inspiriert.<br \/>\nBei myLIFE geht es nicht um Werbung, sondern um n\u00fctzliche, themenbezogene Informationen in Form von Artikeln, Interviews mit Experten, Infografiken, Videos usw., die sich ausschlie\u00dflich auf Ihre Bed\u00fcrfnisse konzentrieren.<br \/>\nDieser innovative Ansatz, bei dem der Kunde im Mittelpunkt steht, wurde anl\u00e4sslichder Luxembourg Marketing &amp; Communication Awards als \u201eBest Marcom Project of the Year\u201c ausgezeichnet.<\/p>\n<h2 id=\"h2_1\" >Themenbezogene Antworten auf Ihre Fragen<\/h2>\n<p>myLIFE gliedert sich in f\u00fcnf spezifische Bereiche, die jeweils ein bestimmtes Thema behandeln.<\/p>\n<ul>\n<li><a href=\"https:\/\/my-life.lu\/de\/category\/me-and-my-family-de\/\" target=\"_blank\" rel=\"noopener noreferrer\"><strong>me&amp;myFAMILY: Alles, was z\u00e4hlt!<\/strong><\/a> me&amp;myFAMILY ist der Bereich, in dem es nur um Ihre Finanzfragen geht. Haushaltsbudget, Steuern, Projekte und Schl\u00fcsselmomente des Lebens: me&amp;myFAMILY bietet eine F\u00fclle von Informationen zu vielen Themen, die Sie betreffen.<\/li>\n<li><strong><a href=\"https:\/\/my-life.lu\/de\/category\/myhome-de\/\" target=\"_blank\" rel=\"noopener noreferrer\">Schaffen Sie mit myHOME solide Grundlagen f\u00fcr Ihre Immobilienprojekte.<\/a>\u00a0<\/strong>myHOME gibt Ihnen die Antworten auf alle Ihre Fragen rund um Immobilien. Kauf, Miete, Mietobjekte, Hilfen und Formalit\u00e4ten: myHOME hat f\u00fcr alles einen guten Tipp.<\/li>\n<li><a href=\"https:\/\/my-life.lu\/de\/category\/myinvest-de\/\" target=\"_blank\" rel=\"noopener noreferrer\"><strong>Mit myINVEST erhalten Sie Zugang zu n\u00fctzlichen Informationen!<\/strong><\/a> myINVEST ist die Rubrik, in der es ums Sparen und Anlegen geht. Tipps f\u00fcr Neulinge, Expertenmeinungen, makro\u00f6konomische Analysen: Informieren Sie sich auf myINVEST, die investierte Zeit wird sich zu 100 % auszahlen!<\/li>\n<li><a href=\"https:\/\/my-life.lu\/de\/category\/mywealth-de\/\" target=\"_blank\" rel=\"noopener noreferrer\"><strong>Verwalten Sie Ihr Verm\u00f6gen richtig mit myWEALTH<\/strong>.<\/a> Bei myWEALTH dreht sich alles um Ihr Verm\u00f6gen. Von der Planung, Verwaltung und \u00dcbertragung Ihres Verm\u00f6gens \u00fcber Anlagen und Lebensversicherung bis hin zur Rente wird alles abgedeckt! Nutzen Sie mit myWEALTH die myLIFE-Kompetenz!<\/li>\n<li><a href=\"https:\/\/my-life.lu\/de\/category\/mycompany-de\/\" target=\"_blank\" rel=\"noopener noreferrer\"><strong>Steigern Sie Ihr Wachstum mit myCOMPANY.<\/strong><\/a> myCOMPANY ist der Bereich, in dem Unternehmen Informationen, Hintergr\u00fcnde und Inspirationen f\u00fcr die Gr\u00fcndung, das Management und die \u00dcbertragung ihres Unternehmens und ihres Privatverm\u00f6gens in Luxemburg erhalten: So f\u00f6rdern Sie Ihr Wachstum!<\/li>\n<\/ul>\n<h2 id=\"h2_2\" >Ein dynamisches Team zu Ihren Diensten<\/h2>\n<p>Hinter myLIFE steht ein Team, das unabl\u00e4ssig daran arbeitet, f\u00fcr Sie interessante Inhalte zu erstellen und zu verbreiten. Dieses Team zieht auch zahlreiche BIL-interne und externe Experten zu besonderen Themen zu Rate, um sicherzustellen, dass die ver\u00f6ffentlichten Informationen korrekt und so aktuell wie m\u00f6glich sind.<br \/>\nSie haben Anmerkungen, Vorschl\u00e4ge zur Optimierung der Plattform oder Ideen f\u00fcr Themen, zu denen Sie gerne Informationen auf myLIFE finden w\u00fcrden? Schreiben Sie uns eine E-Mail an team@my-life.lu.<br \/>\nBis bald!<\/p>\n<figure id=\"attachment_4548\" aria-describedby=\"caption-attachment-4548\" style=\"width: 525px\" class=\"wp-caption alignleft\"><img loading=\"lazy\" decoding=\"async\" class=\"wp-image-4548\" src=\"https:\/\/my-life.lu\/wp-content\/uploads\/2017\/12\/Article_00001_2-300x252.jpg\" alt=\"\" width=\"525\" height=\"441\" srcset=\"https:\/\/my-life.lu\/wp-content\/uploads\/2017\/12\/Article_00001_2-300x252.jpg 300w, https:\/\/my-life.lu\/wp-content\/uploads\/2017\/12\/Article_00001_2.jpg 768w\" sizes=\"(max-width: 525px) 100vw, 525px\" \/><figcaption id=\"caption-attachment-4548\" class=\"wp-caption-text\">Julien und Micha\u00ebl, die treibenden Kr\u00e4fte des myLIFE-Teams<\/figcaption><\/figure>\n","protected":false},"excerpt":{"rendered":"<p>myLIFE zum \u201eBest Marcom Project of the Year 2017\u201d gew\u00e4hlt Die Multimedia-Plattform myLIFE wurde im August 2017 von der Banque Internationale \u00e0 Luxembourg (BIL) ins Leben gerufen mit dem Ziel, Sie bei Ihren Finanzen und Projekten zu unterst\u00fctzen. Am 28. November 2017 wurde myLIFE anl\u00e4sslich der Luxembourg Marketing &amp; Communication Awards 2017 als \u201eBest Marcom &hellip; <\/p>\n<p class=\"link-more\"><a href=\"https:\/\/my-life.lu\/de\/mylife-award-mylife-ist-best-marcom-project-year-2017-00001\/\" class=\"more-link\">Continue reading<span class=\"screen-reader-text\"> &#8220;myLIFE \u2013 Award: myLIFE ist \u201eBest Marcom Project of the Year 2017\u201d&#8221;<\/span><\/a><\/p>\n","protected":false},"author":4,"featured_media":4545,"parent":0,"menu_order":0,"comment_status":"closed","ping_status":"closed","template":"","meta":{"_et_pb_use_builder":"","_et_pb_old_content":"","_et_gb_content_width":"","footnotes":"","beyondwords_generate_audio":"","beyondwords_integration_method":"","beyondwords_project_id":"","beyondwords_content_id":"","beyondwords_preview_token":"","beyondwords_player_content":"","beyondwords_player_style":"","beyondwords_language_code":"","beyondwords_language_id":"","beyondwords_title_voice_id":"","beyondwords_body_voice_id":"","beyondwords_summary_voice_id":"","beyondwords_error_message":"","beyondwords_disabled":"","beyondwords_delete_content":"","beyondwords_podcast_id":"","beyondwords_hash":"","publish_post_to_speechkit":"","speechkit_hash":"","speechkit_generate_audio":"","speechkit_project_id":"","speechkit_podcast_id":"","speechkit_error_message":"","speechkit_disabled":"","speechkit_access_key":"","speechkit_error":"","speechkit_info":"","speechkit_response":"","speechkit_retries":"","speechkit_status":"","speechkit_updated_at":"","_speechkit_link":"","_speechkit_text":""},"class_list":["post-3775","page","type-page","status-publish","has-post-thumbnail","hentry",""],"yoast_head":"<!-- This site is optimized with the Yoast SEO Premium plugin v27.3 (Yoast SEO v27.3) - https:\/\/yoast.com\/product\/yoast-seo-premium-wordpress\/ -->\n<title>myLIFE \u2013 Award: myLIFE ist \u201eBest Marcom Project of the Year 2017\u201d - myLIFE<\/title>\n<meta name=\"robots\" content=\"index, follow, max-snippet:-1, max-image-preview:large, max-video-preview:-1\" \/>\n<link rel=\"canonical\" href=\"https:\/\/my-life.lu\/de\/mylife-award-mylife-ist-best-marcom-project-year-2017-00001\/\" \/>\n<meta property=\"og:locale\" content=\"de_DE\" \/>\n<meta property=\"og:type\" content=\"article\" \/>\n<meta property=\"og:title\" content=\"myLIFE \u2013 Award: myLIFE ist \u201eBest Marcom Project of the Year 2017\u201d\" \/>\n<meta property=\"og:description\" content=\"myLIFE zum \u201eBest Marcom Project of the Year 2017\u201d gew\u00e4hlt Die Multimedia-Plattform myLIFE wurde im August 2017 von der Banque Internationale \u00e0 Luxembourg (BIL) ins Leben gerufen mit dem Ziel, Sie bei Ihren Finanzen und Projekten zu unterst\u00fctzen. Am 28. November 2017 wurde myLIFE anl\u00e4sslich der Luxembourg Marketing &amp; Communication Awards 2017 als \u201eBest Marcom &hellip; Continue reading &quot;myLIFE \u2013 Award: myLIFE ist \u201eBest Marcom Project of the Year 2017\u201d&quot;\" \/>\n<meta property=\"og:url\" content=\"https:\/\/my-life.lu\/de\/mylife-award-mylife-ist-best-marcom-project-year-2017-00001\/\" \/>\n<meta property=\"og:site_name\" content=\"myLIFE\" \/>\n<meta property=\"article:modified_time\" content=\"2019-07-29T09:12:00+00:00\" \/>\n<meta property=\"og:image\" content=\"https:\/\/my-life.lu\/wp-content\/uploads\/2017\/12\/Article_00001.jpg\" \/>\n\t<meta property=\"og:image:width\" content=\"1890\" \/>\n\t<meta property=\"og:image:height\" content=\"1080\" \/>\n\t<meta property=\"og:image:type\" content=\"image\/jpeg\" \/>\n<meta name=\"twitter:card\" content=\"summary_large_image\" \/>\n<meta name=\"twitter:label1\" content=\"Gesch\u00e4tzte Lesezeit\" \/>\n\t<meta name=\"twitter:data1\" content=\"3\u00a0Minuten\" \/>\n<script type=\"application\/ld+json\" class=\"yoast-schema-graph\">{\"@context\":\"https:\\\/\\\/schema.org\",\"@graph\":[{\"@type\":\"WebPage\",\"@id\":\"https:\\\/\\\/my-life.lu\\\/de\\\/mylife-award-mylife-ist-best-marcom-project-year-2017-00001\\\/\",\"url\":\"https:\\\/\\\/my-life.lu\\\/de\\\/mylife-award-mylife-ist-best-marcom-project-year-2017-00001\\\/\",\"name\":\"myLIFE \u2013 Award: myLIFE ist \u201eBest Marcom Project of the Year 2017\u201d - myLIFE\",\"isPartOf\":{\"@id\":\"https:\\\/\\\/my-life.lu\\\/de\\\/#website\"},\"primaryImageOfPage\":{\"@id\":\"https:\\\/\\\/my-life.lu\\\/de\\\/mylife-award-mylife-ist-best-marcom-project-year-2017-00001\\\/#primaryimage\"},\"image\":{\"@id\":\"https:\\\/\\\/my-life.lu\\\/de\\\/mylife-award-mylife-ist-best-marcom-project-year-2017-00001\\\/#primaryimage\"},\"thumbnailUrl\":\"https:\\\/\\\/my-life.lu\\\/wp-content\\\/uploads\\\/2017\\\/12\\\/Article_00001.jpg\",\"datePublished\":\"2017-12-11T09:19:03+00:00\",\"dateModified\":\"2019-07-29T09:12:00+00:00\",\"breadcrumb\":{\"@id\":\"https:\\\/\\\/my-life.lu\\\/de\\\/mylife-award-mylife-ist-best-marcom-project-year-2017-00001\\\/#breadcrumb\"},\"inLanguage\":\"de\",\"potentialAction\":[{\"@type\":\"ReadAction\",\"target\":[\"https:\\\/\\\/my-life.lu\\\/de\\\/mylife-award-mylife-ist-best-marcom-project-year-2017-00001\\\/\"]}]},{\"@type\":\"ImageObject\",\"inLanguage\":\"de\",\"@id\":\"https:\\\/\\\/my-life.lu\\\/de\\\/mylife-award-mylife-ist-best-marcom-project-year-2017-00001\\\/#primaryimage\",\"url\":\"https:\\\/\\\/my-life.lu\\\/wp-content\\\/uploads\\\/2017\\\/12\\\/Article_00001.jpg\",\"contentUrl\":\"https:\\\/\\\/my-life.lu\\\/wp-content\\\/uploads\\\/2017\\\/12\\\/Article_00001.jpg\",\"width\":1890,\"height\":1080},{\"@type\":\"BreadcrumbList\",\"@id\":\"https:\\\/\\\/my-life.lu\\\/de\\\/mylife-award-mylife-ist-best-marcom-project-year-2017-00001\\\/#breadcrumb\",\"itemListElement\":[{\"@type\":\"ListItem\",\"position\":1,\"name\":\"Home\",\"item\":\"https:\\\/\\\/my-life.lu\\\/de\\\/\"},{\"@type\":\"ListItem\",\"position\":2,\"name\":\"myLIFE \u2013 Award: myLIFE ist \u201eBest Marcom Project of the Year 2017\u201d\"}]},{\"@type\":\"WebSite\",\"@id\":\"https:\\\/\\\/my-life.lu\\\/de\\\/#website\",\"url\":\"https:\\\/\\\/my-life.lu\\\/de\\\/\",\"name\":\"myLIFE\",\"description\":\"\",\"publisher\":{\"@id\":\"https:\\\/\\\/my-life.lu\\\/de\\\/#organization\"},\"potentialAction\":[{\"@type\":\"SearchAction\",\"target\":{\"@type\":\"EntryPoint\",\"urlTemplate\":\"https:\\\/\\\/my-life.lu\\\/de\\\/?s={search_term_string}\"},\"query-input\":{\"@type\":\"PropertyValueSpecification\",\"valueRequired\":true,\"valueName\":\"search_term_string\"}}],\"inLanguage\":\"de\"},{\"@type\":\"Organization\",\"@id\":\"https:\\\/\\\/my-life.lu\\\/de\\\/#organization\",\"name\":\"myLIFE\",\"url\":\"https:\\\/\\\/my-life.lu\\\/de\\\/\",\"logo\":{\"@type\":\"ImageObject\",\"inLanguage\":\"de\",\"@id\":\"https:\\\/\\\/my-life.lu\\\/de\\\/#\\\/schema\\\/logo\\\/image\\\/\",\"url\":\"https:\\\/\\\/my-life.lu\\\/wp-content\\\/uploads\\\/2018\\\/07\\\/myLIFE_LOGO_violet-AMP2.png\",\"contentUrl\":\"https:\\\/\\\/my-life.lu\\\/wp-content\\\/uploads\\\/2018\\\/07\\\/myLIFE_LOGO_violet-AMP2.png\",\"width\":190,\"height\":36,\"caption\":\"myLIFE\"},\"image\":{\"@id\":\"https:\\\/\\\/my-life.lu\\\/de\\\/#\\\/schema\\\/logo\\\/image\\\/\"}}]}<\/script>\n<!-- \/ Yoast SEO Premium plugin. -->","yoast_head_json":{"title":"myLIFE \u2013 Award: myLIFE ist \u201eBest Marcom Project of the Year 2017\u201d - myLIFE","robots":{"index":"index","follow":"follow","max-snippet":"max-snippet:-1","max-image-preview":"max-image-preview:large","max-video-preview":"max-video-preview:-1"},"canonical":"https:\/\/my-life.lu\/de\/mylife-award-mylife-ist-best-marcom-project-year-2017-00001\/","og_locale":"de_DE","og_type":"article","og_title":"myLIFE \u2013 Award: myLIFE ist \u201eBest Marcom Project of the Year 2017\u201d","og_description":"myLIFE zum \u201eBest Marcom Project of the Year 2017\u201d gew\u00e4hlt Die Multimedia-Plattform myLIFE wurde im August 2017 von der Banque Internationale \u00e0 Luxembourg (BIL) ins Leben gerufen mit dem Ziel, Sie bei Ihren Finanzen und Projekten zu unterst\u00fctzen. Am 28. November 2017 wurde myLIFE anl\u00e4sslich der Luxembourg Marketing &amp; Communication Awards 2017 als \u201eBest Marcom &hellip; Continue reading \"myLIFE \u2013 Award: myLIFE ist \u201eBest Marcom Project of the Year 2017\u201d\"","og_url":"https:\/\/my-life.lu\/de\/mylife-award-mylife-ist-best-marcom-project-year-2017-00001\/","og_site_name":"myLIFE","article_modified_time":"2019-07-29T09:12:00+00:00","og_image":[{"width":1890,"height":1080,"url":"https:\/\/my-life.lu\/wp-content\/uploads\/2017\/12\/Article_00001.jpg","type":"image\/jpeg"}],"twitter_card":"summary_large_image","twitter_misc":{"Gesch\u00e4tzte Lesezeit":"3\u00a0Minuten"},"schema":{"@context":"https:\/\/schema.org","@graph":[{"@type":"WebPage","@id":"https:\/\/my-life.lu\/de\/mylife-award-mylife-ist-best-marcom-project-year-2017-00001\/","url":"https:\/\/my-life.lu\/de\/mylife-award-mylife-ist-best-marcom-project-year-2017-00001\/","name":"myLIFE \u2013 Award: myLIFE ist \u201eBest Marcom Project of the Year 2017\u201d - myLIFE","isPartOf":{"@id":"https:\/\/my-life.lu\/de\/#website"},"primaryImageOfPage":{"@id":"https:\/\/my-life.lu\/de\/mylife-award-mylife-ist-best-marcom-project-year-2017-00001\/#primaryimage"},"image":{"@id":"https:\/\/my-life.lu\/de\/mylife-award-mylife-ist-best-marcom-project-year-2017-00001\/#primaryimage"},"thumbnailUrl":"https:\/\/my-life.lu\/wp-content\/uploads\/2017\/12\/Article_00001.jpg","datePublished":"2017-12-11T09:19:03+00:00","dateModified":"2019-07-29T09:12:00+00:00","breadcrumb":{"@id":"https:\/\/my-life.lu\/de\/mylife-award-mylife-ist-best-marcom-project-year-2017-00001\/#breadcrumb"},"inLanguage":"de","potentialAction":[{"@type":"ReadAction","target":["https:\/\/my-life.lu\/de\/mylife-award-mylife-ist-best-marcom-project-year-2017-00001\/"]}]},{"@type":"ImageObject","inLanguage":"de","@id":"https:\/\/my-life.lu\/de\/mylife-award-mylife-ist-best-marcom-project-year-2017-00001\/#primaryimage","url":"https:\/\/my-life.lu\/wp-content\/uploads\/2017\/12\/Article_00001.jpg","contentUrl":"https:\/\/my-life.lu\/wp-content\/uploads\/2017\/12\/Article_00001.jpg","width":1890,"height":1080},{"@type":"BreadcrumbList","@id":"https:\/\/my-life.lu\/de\/mylife-award-mylife-ist-best-marcom-project-year-2017-00001\/#breadcrumb","itemListElement":[{"@type":"ListItem","position":1,"name":"Home","item":"https:\/\/my-life.lu\/de\/"},{"@type":"ListItem","position":2,"name":"myLIFE \u2013 Award: myLIFE ist \u201eBest Marcom Project of the Year 2017\u201d"}]},{"@type":"WebSite","@id":"https:\/\/my-life.lu\/de\/#website","url":"https:\/\/my-life.lu\/de\/","name":"myLIFE","description":"","publisher":{"@id":"https:\/\/my-life.lu\/de\/#organization"},"potentialAction":[{"@type":"SearchAction","target":{"@type":"EntryPoint","urlTemplate":"https:\/\/my-life.lu\/de\/?s={search_term_string}"},"query-input":{"@type":"PropertyValueSpecification","valueRequired":true,"valueName":"search_term_string"}}],"inLanguage":"de"},{"@type":"Organization","@id":"https:\/\/my-life.lu\/de\/#organization","name":"myLIFE","url":"https:\/\/my-life.lu\/de\/","logo":{"@type":"ImageObject","inLanguage":"de","@id":"https:\/\/my-life.lu\/de\/#\/schema\/logo\/image\/","url":"https:\/\/my-life.lu\/wp-content\/uploads\/2018\/07\/myLIFE_LOGO_violet-AMP2.png","contentUrl":"https:\/\/my-life.lu\/wp-content\/uploads\/2018\/07\/myLIFE_LOGO_violet-AMP2.png","width":190,"height":36,"caption":"myLIFE"},"image":{"@id":"https:\/\/my-life.lu\/de\/#\/schema\/logo\/image\/"}}]}},"_links":{"self":[{"href":"https:\/\/my-life.lu\/de\/wp-json\/wp\/v2\/pages\/3775","targetHints":{"allow":["GET"]}}],"collection":[{"href":"https:\/\/my-life.lu\/de\/wp-json\/wp\/v2\/pages"}],"about":[{"href":"https:\/\/my-life.lu\/de\/wp-json\/wp\/v2\/types\/page"}],"author":[{"embeddable":true,"href":"https:\/\/my-life.lu\/de\/wp-json\/wp\/v2\/users\/4"}],"replies":[{"embeddable":true,"href":"https:\/\/my-life.lu\/de\/wp-json\/wp\/v2\/comments?post=3775"}],"version-history":[{"count":6,"href":"https:\/\/my-life.lu\/de\/wp-json\/wp\/v2\/pages\/3775\/revisions"}],"predecessor-version":[{"id":9748,"href":"https:\/\/my-life.lu\/de\/wp-json\/wp\/v2\/pages\/3775\/revisions\/9748"}],"wp:featuredmedia":[{"embeddable":true,"href":"https:\/\/my-life.lu\/de\/wp-json\/wp\/v2\/media\/4545"}],"wp:attachment":[{"href":"https:\/\/my-life.lu\/de\/wp-json\/wp\/v2\/media?parent=3775"}],"curies":[{"name":"wp","href":"https:\/\/api.w.org\/{rel}","templated":true}]}}